{"id":585,"date":"2020-09-19T12:46:08","date_gmt":"2020-09-19T10:46:08","guid":{"rendered":"https:\/\/www.mita.in.rs\/radio\/?page_id=585"},"modified":"2024-01-11T22:52:40","modified_gmt":"2024-01-11T20:52:40","slug":"super-fm","status":"publish","type":"page","link":"https:\/\/www.mita.in.rs\/radio\/super-fm\/","title":{"rendered":"Super FM"},"content":{"rendered":"<p><img decoding=\"async\" class=\"alignleft\" src=\"https:\/\/www.mita.in.rs\/radio-logotipi\/super-fm.png\" width=\"208\" height=\"208\" \/><\/p>\n<p><audio controls autoplay><source src=\"https:\/\/onair.superfm.rs\/superfm.aac\" type=\"audio\/aac\"><source src=\"https:\/\/onair.superfm.rs\/\" type=\"audio\/mpeg\"><\/audio><\/p>\n","protected":false},"excerpt":{"rendered":"","protected":false},"author":1,"featured_media":0,"parent":0,"menu_order":0,"comment_status":"closed","ping_status":"closed","template":"","meta":{"footnotes":""},"class_list":["post-585","page","type-page","status-publish","hentry"],"yoast_head":"<!-- This site is optimized with the Yoast SEO plugin v27.4 - https:\/\/yoast.com\/product\/yoast-seo-wordpress\/ -->\n<title>Super FM - Radio u\u017eivo | Internet portal Mita<\/title>\n<meta name=\"description\" content=\"Slu\u0161aj u\u017eivo Radio Super FM na Radio servisu Internet portala Mita potpuno besplatno!\" \/>\n<meta name=\"robots\" content=\"index, follow, max-snippet:-1, max-image-preview:large, max-video-preview:-1\" \/>\n<link rel=\"canonical\" href=\"https:\/\/www.mita.in.rs\/radio\/super-fm\/\" \/>\n<meta property=\"og:locale\" content=\"sr_RS\" \/>\n<meta property=\"og:type\" content=\"article\" \/>\n<meta property=\"og:title\" content=\"Super FM - Radio u\u017eivo | Internet portal Mita\" \/>\n<meta property=\"og:description\" content=\"Slu\u0161aj u\u017eivo Radio Super FM na Radio servisu Internet portala Mita potpuno besplatno!\" \/>\n<meta property=\"og:url\" content=\"https:\/\/www.mita.in.rs\/radio\/super-fm\/\" \/>\n<meta property=\"og:site_name\" content=\"Radio u\u017eivo | Internet portal Mita\" \/>\n<meta property=\"article:modified_time\" content=\"2024-01-11T20:52:40+00:00\" \/>\n<meta property=\"og:image\" content=\"https:\/\/www.mita.in.rs\/radio-logotipi\/super-fm.png\" \/>\n<meta name=\"twitter:card\" content=\"summary_large_image\" \/>\n<meta name=\"twitter:label1\" content=\"\u041f\u0440\u043e\u0446\u0435\u045a\u0435\u043d\u043e \u0432\u0440\u0435\u043c\u0435 \u0447\u0438\u0442\u0430\u045a\u0430\" \/>\n\t<meta name=\"twitter:data1\" content=\"1 \u043c\u0438\u043d\u0443\u0442\" \/>\n<script type=\"application\/ld+json\" class=\"yoast-schema-graph\">{\"@context\":\"https:\\\/\\\/schema.org\",\"@graph\":[{\"@type\":\"WebPage\",\"@id\":\"https:\\\/\\\/www.mita.in.rs\\\/radio\\\/super-fm\\\/\",\"url\":\"https:\\\/\\\/www.mita.in.rs\\\/radio\\\/super-fm\\\/\",\"name\":\"Super FM - Radio u\u017eivo | Internet portal Mita\",\"isPartOf\":{\"@id\":\"https:\\\/\\\/www.mita.in.rs\\\/radio\\\/#website\"},\"primaryImageOfPage\":{\"@id\":\"https:\\\/\\\/www.mita.in.rs\\\/radio\\\/super-fm\\\/#primaryimage\"},\"image\":{\"@id\":\"https:\\\/\\\/www.mita.in.rs\\\/radio\\\/super-fm\\\/#primaryimage\"},\"thumbnailUrl\":\"https:\\\/\\\/www.mita.in.rs\\\/radio-logotipi\\\/super-fm.png\",\"datePublished\":\"2020-09-19T10:46:08+00:00\",\"dateModified\":\"2024-01-11T20:52:40+00:00\",\"description\":\"Slu\u0161aj u\u017eivo Radio Super FM na Radio servisu Internet portala Mita potpuno besplatno!\",\"breadcrumb\":{\"@id\":\"https:\\\/\\\/www.mita.in.rs\\\/radio\\\/super-fm\\\/#breadcrumb\"},\"inLanguage\":\"sr-RS\",\"potentialAction\":[{\"@type\":\"ReadAction\",\"target\":[\"https:\\\/\\\/www.mita.in.rs\\\/radio\\\/super-fm\\\/\"]}]},{\"@type\":\"ImageObject\",\"inLanguage\":\"sr-RS\",\"@id\":\"https:\\\/\\\/www.mita.in.rs\\\/radio\\\/super-fm\\\/#primaryimage\",\"url\":\"https:\\\/\\\/www.mita.in.rs\\\/radio-logotipi\\\/super-fm.png\",\"contentUrl\":\"https:\\\/\\\/www.mita.in.rs\\\/radio-logotipi\\\/super-fm.png\"},{\"@type\":\"BreadcrumbList\",\"@id\":\"https:\\\/\\\/www.mita.in.rs\\\/radio\\\/super-fm\\\/#breadcrumb\",\"itemListElement\":[{\"@type\":\"ListItem\",\"position\":1,\"name\":\"\u041f\u043e\u0447\u0435\u0442\u043d\u0430\",\"item\":\"https:\\\/\\\/www.mita.in.rs\\\/radio\\\/\"},{\"@type\":\"ListItem\",\"position\":2,\"name\":\"Super FM\"}]},{\"@type\":\"WebSite\",\"@id\":\"https:\\\/\\\/www.mita.in.rs\\\/radio\\\/#website\",\"url\":\"https:\\\/\\\/www.mita.in.rs\\\/radio\\\/\",\"name\":\"Radio u\u017eivo | Internet portal Mita\",\"description\":\"Srbija i Crna Gora\",\"potentialAction\":[{\"@type\":\"SearchAction\",\"target\":{\"@type\":\"EntryPoint\",\"urlTemplate\":\"https:\\\/\\\/www.mita.in.rs\\\/radio\\\/?s={search_term_string}\"},\"query-input\":{\"@type\":\"PropertyValueSpecification\",\"valueRequired\":true,\"valueName\":\"search_term_string\"}}],\"inLanguage\":\"sr-RS\"}]}<\/script>\n<!-- \/ Yoast SEO plugin. -->","yoast_head_json":{"title":"Super FM - Radio u\u017eivo | Internet portal Mita","description":"Slu\u0161aj u\u017eivo Radio Super FM na Radio servisu Internet portala Mita potpuno besplatno!","robots":{"index":"index","follow":"follow","max-snippet":"max-snippet:-1","max-image-preview":"max-image-preview:large","max-video-preview":"max-video-preview:-1"},"canonical":"https:\/\/www.mita.in.rs\/radio\/super-fm\/","og_locale":"sr_RS","og_type":"article","og_title":"Super FM - Radio u\u017eivo | Internet portal Mita","og_description":"Slu\u0161aj u\u017eivo Radio Super FM na Radio servisu Internet portala Mita potpuno besplatno!","og_url":"https:\/\/www.mita.in.rs\/radio\/super-fm\/","og_site_name":"Radio u\u017eivo | Internet portal Mita","article_modified_time":"2024-01-11T20:52:40+00:00","og_image":[{"url":"https:\/\/www.mita.in.rs\/radio-logotipi\/super-fm.png","type":"","width":"","height":""}],"twitter_card":"summary_large_image","twitter_misc":{"\u041f\u0440\u043e\u0446\u0435\u045a\u0435\u043d\u043e \u0432\u0440\u0435\u043c\u0435 \u0447\u0438\u0442\u0430\u045a\u0430":"1 \u043c\u0438\u043d\u0443\u0442"},"schema":{"@context":"https:\/\/schema.org","@graph":[{"@type":"WebPage","@id":"https:\/\/www.mita.in.rs\/radio\/super-fm\/","url":"https:\/\/www.mita.in.rs\/radio\/super-fm\/","name":"Super FM - Radio u\u017eivo | Internet portal Mita","isPartOf":{"@id":"https:\/\/www.mita.in.rs\/radio\/#website"},"primaryImageOfPage":{"@id":"https:\/\/www.mita.in.rs\/radio\/super-fm\/#primaryimage"},"image":{"@id":"https:\/\/www.mita.in.rs\/radio\/super-fm\/#primaryimage"},"thumbnailUrl":"https:\/\/www.mita.in.rs\/radio-logotipi\/super-fm.png","datePublished":"2020-09-19T10:46:08+00:00","dateModified":"2024-01-11T20:52:40+00:00","description":"Slu\u0161aj u\u017eivo Radio Super FM na Radio servisu Internet portala Mita potpuno besplatno!","breadcrumb":{"@id":"https:\/\/www.mita.in.rs\/radio\/super-fm\/#breadcrumb"},"inLanguage":"sr-RS","potentialAction":[{"@type":"ReadAction","target":["https:\/\/www.mita.in.rs\/radio\/super-fm\/"]}]},{"@type":"ImageObject","inLanguage":"sr-RS","@id":"https:\/\/www.mita.in.rs\/radio\/super-fm\/#primaryimage","url":"https:\/\/www.mita.in.rs\/radio-logotipi\/super-fm.png","contentUrl":"https:\/\/www.mita.in.rs\/radio-logotipi\/super-fm.png"},{"@type":"BreadcrumbList","@id":"https:\/\/www.mita.in.rs\/radio\/super-fm\/#breadcrumb","itemListElement":[{"@type":"ListItem","position":1,"name":"\u041f\u043e\u0447\u0435\u0442\u043d\u0430","item":"https:\/\/www.mita.in.rs\/radio\/"},{"@type":"ListItem","position":2,"name":"Super FM"}]},{"@type":"WebSite","@id":"https:\/\/www.mita.in.rs\/radio\/#website","url":"https:\/\/www.mita.in.rs\/radio\/","name":"Radio u\u017eivo | Internet portal Mita","description":"Srbija i Crna Gora","potentialAction":[{"@type":"SearchAction","target":{"@type":"EntryPoint","urlTemplate":"https:\/\/www.mita.in.rs\/radio\/?s={search_term_string}"},"query-input":{"@type":"PropertyValueSpecification","valueRequired":true,"valueName":"search_term_string"}}],"inLanguage":"sr-RS"}]}},"_links":{"self":[{"href":"https:\/\/www.mita.in.rs\/radio\/wp-json\/wp\/v2\/pages\/585","targetHints":{"allow":["GET"]}}],"collection":[{"href":"https:\/\/www.mita.in.rs\/radio\/wp-json\/wp\/v2\/pages"}],"about":[{"href":"https:\/\/www.mita.in.rs\/radio\/wp-json\/wp\/v2\/types\/page"}],"author":[{"embeddable":true,"href":"https:\/\/www.mita.in.rs\/radio\/wp-json\/wp\/v2\/users\/1"}],"replies":[{"embeddable":true,"href":"https:\/\/www.mita.in.rs\/radio\/wp-json\/wp\/v2\/comments?post=585"}],"version-history":[{"count":4,"href":"https:\/\/www.mita.in.rs\/radio\/wp-json\/wp\/v2\/pages\/585\/revisions"}],"predecessor-version":[{"id":1098,"href":"https:\/\/www.mita.in.rs\/radio\/wp-json\/wp\/v2\/pages\/585\/revisions\/1098"}],"wp:attachment":[{"href":"https:\/\/www.mita.in.rs\/radio\/wp-json\/wp\/v2\/media?parent=585"}],"curies":[{"name":"wp","href":"https:\/\/api.w.org\/{rel}","templated":true}]}}