{"id":469,"date":"2020-08-30T18:03:02","date_gmt":"2020-08-30T16:03:02","guid":{"rendered":"https:\/\/www.mita.in.rs\/radio\/?page_id=469"},"modified":"2021-07-04T18:48:05","modified_gmt":"2021-07-04T16:48:05","slug":"pink","status":"publish","type":"page","link":"https:\/\/www.mita.in.rs\/radio\/pink\/","title":{"rendered":"Radio Pink"},"content":{"rendered":"<p><img decoding=\"async\" src=\"https:\/\/mita.in.rs\/radio-logotipi\/logo.png\" width=\"152\" height=\"75\" class=\"alignleft size-medium\" \/><\/p>\n<p><a href=\"http:\/\/www.mita.in.rs\/radio\/player\/pink-radio.html\" target=\"popup\" onclick=\"window.open('http:\/\/www.mita.in.rs\/radio\/player\/pink-radio.html','popup','width=1300,height=300'); \nreturn false;\" rel=\"noopener noreferrer\"><br \/>\n     Klikni ovde da slu\u0161a\u0161<br \/>\n<\/a><\/p>\n","protected":false},"excerpt":{"rendered":"<p>Klikni ovde da slu\u0161a\u0161<\/p>\n","protected":false},"author":1,"featured_media":0,"parent":0,"menu_order":0,"comment_status":"closed","ping_status":"closed","template":"","meta":{"footnotes":""},"class_list":["post-469","page","type-page","status-publish","hentry"],"yoast_head":"<!-- This site is optimized with the Yoast SEO plugin v27.4 - https:\/\/yoast.com\/product\/yoast-seo-wordpress\/ -->\n<title>Radio Pink - Radio u\u017eivo | Internet portal Mita<\/title>\n<meta name=\"robots\" content=\"index, follow, max-snippet:-1, max-image-preview:large, max-video-preview:-1\" \/>\n<link rel=\"canonical\" href=\"https:\/\/www.mita.in.rs\/radio\/pink\/\" \/>\n<meta property=\"og:locale\" content=\"sr_RS\" \/>\n<meta property=\"og:type\" content=\"article\" \/>\n<meta property=\"og:title\" content=\"Radio Pink - Radio u\u017eivo | Internet portal Mita\" \/>\n<meta property=\"og:description\" content=\"Klikni ovde da slu\u0161a\u0161\" \/>\n<meta property=\"og:url\" content=\"https:\/\/www.mita.in.rs\/radio\/pink\/\" \/>\n<meta property=\"og:site_name\" content=\"Radio u\u017eivo | Internet portal Mita\" \/>\n<meta property=\"article:modified_time\" content=\"2021-07-04T16:48:05+00:00\" \/>\n<meta property=\"og:image\" content=\"https:\/\/mita.in.rs\/radio-logotipi\/logo.png\" \/>\n<meta name=\"twitter:card\" content=\"summary_large_image\" \/>\n<script type=\"application\/ld+json\" class=\"yoast-schema-graph\">{\"@context\":\"https:\\\/\\\/schema.org\",\"@graph\":[{\"@type\":\"WebPage\",\"@id\":\"https:\\\/\\\/www.mita.in.rs\\\/radio\\\/pink\\\/\",\"url\":\"https:\\\/\\\/www.mita.in.rs\\\/radio\\\/pink\\\/\",\"name\":\"Radio Pink - Radio u\u017eivo | Internet portal Mita\",\"isPartOf\":{\"@id\":\"https:\\\/\\\/www.mita.in.rs\\\/radio\\\/#website\"},\"primaryImageOfPage\":{\"@id\":\"https:\\\/\\\/www.mita.in.rs\\\/radio\\\/pink\\\/#primaryimage\"},\"image\":{\"@id\":\"https:\\\/\\\/www.mita.in.rs\\\/radio\\\/pink\\\/#primaryimage\"},\"thumbnailUrl\":\"https:\\\/\\\/mita.in.rs\\\/radio-logotipi\\\/logo.png\",\"datePublished\":\"2020-08-30T16:03:02+00:00\",\"dateModified\":\"2021-07-04T16:48:05+00:00\",\"breadcrumb\":{\"@id\":\"https:\\\/\\\/www.mita.in.rs\\\/radio\\\/pink\\\/#breadcrumb\"},\"inLanguage\":\"sr-RS\",\"potentialAction\":[{\"@type\":\"ReadAction\",\"target\":[\"https:\\\/\\\/www.mita.in.rs\\\/radio\\\/pink\\\/\"]}]},{\"@type\":\"ImageObject\",\"inLanguage\":\"sr-RS\",\"@id\":\"https:\\\/\\\/www.mita.in.rs\\\/radio\\\/pink\\\/#primaryimage\",\"url\":\"https:\\\/\\\/mita.in.rs\\\/radio-logotipi\\\/logo.png\",\"contentUrl\":\"https:\\\/\\\/mita.in.rs\\\/radio-logotipi\\\/logo.png\"},{\"@type\":\"BreadcrumbList\",\"@id\":\"https:\\\/\\\/www.mita.in.rs\\\/radio\\\/pink\\\/#breadcrumb\",\"itemListElement\":[{\"@type\":\"ListItem\",\"position\":1,\"name\":\"\u041f\u043e\u0447\u0435\u0442\u043d\u0430\",\"item\":\"https:\\\/\\\/www.mita.in.rs\\\/radio\\\/\"},{\"@type\":\"ListItem\",\"position\":2,\"name\":\"Radio Pink\"}]},{\"@type\":\"WebSite\",\"@id\":\"https:\\\/\\\/www.mita.in.rs\\\/radio\\\/#website\",\"url\":\"https:\\\/\\\/www.mita.in.rs\\\/radio\\\/\",\"name\":\"Radio u\u017eivo | Internet portal Mita\",\"description\":\"Srbija i Crna Gora\",\"potentialAction\":[{\"@type\":\"SearchAction\",\"target\":{\"@type\":\"EntryPoint\",\"urlTemplate\":\"https:\\\/\\\/www.mita.in.rs\\\/radio\\\/?s={search_term_string}\"},\"query-input\":{\"@type\":\"PropertyValueSpecification\",\"valueRequired\":true,\"valueName\":\"search_term_string\"}}],\"inLanguage\":\"sr-RS\"}]}<\/script>\n<!-- \/ Yoast SEO plugin. -->","yoast_head_json":{"title":"Radio Pink - Radio u\u017eivo | Internet portal Mita","robots":{"index":"index","follow":"follow","max-snippet":"max-snippet:-1","max-image-preview":"max-image-preview:large","max-video-preview":"max-video-preview:-1"},"canonical":"https:\/\/www.mita.in.rs\/radio\/pink\/","og_locale":"sr_RS","og_type":"article","og_title":"Radio Pink - Radio u\u017eivo | Internet portal Mita","og_description":"Klikni ovde da slu\u0161a\u0161","og_url":"https:\/\/www.mita.in.rs\/radio\/pink\/","og_site_name":"Radio u\u017eivo | Internet portal Mita","article_modified_time":"2021-07-04T16:48:05+00:00","og_image":[{"url":"https:\/\/mita.in.rs\/radio-logotipi\/logo.png","type":"","width":"","height":""}],"twitter_card":"summary_large_image","schema":{"@context":"https:\/\/schema.org","@graph":[{"@type":"WebPage","@id":"https:\/\/www.mita.in.rs\/radio\/pink\/","url":"https:\/\/www.mita.in.rs\/radio\/pink\/","name":"Radio Pink - Radio u\u017eivo | Internet portal Mita","isPartOf":{"@id":"https:\/\/www.mita.in.rs\/radio\/#website"},"primaryImageOfPage":{"@id":"https:\/\/www.mita.in.rs\/radio\/pink\/#primaryimage"},"image":{"@id":"https:\/\/www.mita.in.rs\/radio\/pink\/#primaryimage"},"thumbnailUrl":"https:\/\/mita.in.rs\/radio-logotipi\/logo.png","datePublished":"2020-08-30T16:03:02+00:00","dateModified":"2021-07-04T16:48:05+00:00","breadcrumb":{"@id":"https:\/\/www.mita.in.rs\/radio\/pink\/#breadcrumb"},"inLanguage":"sr-RS","potentialAction":[{"@type":"ReadAction","target":["https:\/\/www.mita.in.rs\/radio\/pink\/"]}]},{"@type":"ImageObject","inLanguage":"sr-RS","@id":"https:\/\/www.mita.in.rs\/radio\/pink\/#primaryimage","url":"https:\/\/mita.in.rs\/radio-logotipi\/logo.png","contentUrl":"https:\/\/mita.in.rs\/radio-logotipi\/logo.png"},{"@type":"BreadcrumbList","@id":"https:\/\/www.mita.in.rs\/radio\/pink\/#breadcrumb","itemListElement":[{"@type":"ListItem","position":1,"name":"\u041f\u043e\u0447\u0435\u0442\u043d\u0430","item":"https:\/\/www.mita.in.rs\/radio\/"},{"@type":"ListItem","position":2,"name":"Radio Pink"}]},{"@type":"WebSite","@id":"https:\/\/www.mita.in.rs\/radio\/#website","url":"https:\/\/www.mita.in.rs\/radio\/","name":"Radio u\u017eivo | Internet portal Mita","description":"Srbija i Crna Gora","potentialAction":[{"@type":"SearchAction","target":{"@type":"EntryPoint","urlTemplate":"https:\/\/www.mita.in.rs\/radio\/?s={search_term_string}"},"query-input":{"@type":"PropertyValueSpecification","valueRequired":true,"valueName":"search_term_string"}}],"inLanguage":"sr-RS"}]}},"_links":{"self":[{"href":"https:\/\/www.mita.in.rs\/radio\/wp-json\/wp\/v2\/pages\/469","targetHints":{"allow":["GET"]}}],"collection":[{"href":"https:\/\/www.mita.in.rs\/radio\/wp-json\/wp\/v2\/pages"}],"about":[{"href":"https:\/\/www.mita.in.rs\/radio\/wp-json\/wp\/v2\/types\/page"}],"author":[{"embeddable":true,"href":"https:\/\/www.mita.in.rs\/radio\/wp-json\/wp\/v2\/users\/1"}],"replies":[{"embeddable":true,"href":"https:\/\/www.mita.in.rs\/radio\/wp-json\/wp\/v2\/comments?post=469"}],"version-history":[{"count":3,"href":"https:\/\/www.mita.in.rs\/radio\/wp-json\/wp\/v2\/pages\/469\/revisions"}],"predecessor-version":[{"id":474,"href":"https:\/\/www.mita.in.rs\/radio\/wp-json\/wp\/v2\/pages\/469\/revisions\/474"}],"wp:attachment":[{"href":"https:\/\/www.mita.in.rs\/radio\/wp-json\/wp\/v2\/media?parent=469"}],"curies":[{"name":"wp","href":"https:\/\/api.w.org\/{rel}","templated":true}]}}