{"id":165,"date":"2020-08-27T10:26:50","date_gmt":"2020-08-27T08:26:50","guid":{"rendered":"https:\/\/www.mita.in.rs\/radio\/?page_id=165"},"modified":"2024-09-14T13:45:11","modified_gmt":"2024-09-14T11:45:11","slug":"hit-fm","status":"publish","type":"page","link":"https:\/\/www.mita.in.rs\/radio\/hit-fm\/","title":{"rendered":"Hit FM"},"content":{"rendered":"<p><img decoding=\"async\" class=\"alignleft size-medium\" src=\"https:\/\/www.mita.in.rs\/radio-logotipi\/hit-fm.png\" width=\"200\" height=\"200\" \/><\/p>\n<p><audio controls=\"controls\" autoplay=\"autoplay\"><source src=\"https:\/\/streaming.tdiradio.com\/hit.mp3\" type=\"audio\/mpeg\" \/><source src=\"https:\/\/streaming.tdiradio.com\/hit\" type=\"audio\/aac\" \/><\/audio><\/p>\n","protected":false},"excerpt":{"rendered":"","protected":false},"author":1,"featured_media":0,"parent":0,"menu_order":0,"comment_status":"closed","ping_status":"closed","template":"","meta":{"footnotes":""},"class_list":["post-165","page","type-page","status-publish","hentry"],"yoast_head":"<!-- This site is optimized with the Yoast SEO plugin v27.4 - https:\/\/yoast.com\/product\/yoast-seo-wordpress\/ -->\n<title>Hit FM - Radio u\u017eivo | Internet portal Mita<\/title>\n<meta name=\"description\" content=\"Slu\u0161aj Hit FM Radio u\u017eivo sada potpuno besplatno!\" \/>\n<meta name=\"robots\" content=\"index, follow, max-snippet:-1, max-image-preview:large, max-video-preview:-1\" \/>\n<link rel=\"canonical\" href=\"https:\/\/www.mita.in.rs\/radio\/hit-fm\/\" \/>\n<meta property=\"og:locale\" content=\"sr_RS\" \/>\n<meta property=\"og:type\" content=\"article\" \/>\n<meta property=\"og:title\" content=\"Hit FM - Radio u\u017eivo | Internet portal Mita\" \/>\n<meta property=\"og:description\" content=\"Slu\u0161aj Hit FM Radio u\u017eivo sada potpuno besplatno!\" \/>\n<meta property=\"og:url\" content=\"https:\/\/www.mita.in.rs\/radio\/hit-fm\/\" \/>\n<meta property=\"og:site_name\" content=\"Radio u\u017eivo | Internet portal Mita\" \/>\n<meta property=\"article:modified_time\" content=\"2024-09-14T11:45:11+00:00\" \/>\n<meta property=\"og:image\" content=\"https:\/\/www.mita.in.rs\/radio-logotipi\/hit-fm.png\" \/>\n<meta name=\"twitter:card\" content=\"summary_large_image\" \/>\n<meta name=\"twitter:label1\" content=\"\u041f\u0440\u043e\u0446\u0435\u045a\u0435\u043d\u043e \u0432\u0440\u0435\u043c\u0435 \u0447\u0438\u0442\u0430\u045a\u0430\" \/>\n\t<meta name=\"twitter:data1\" content=\"1 \u043c\u0438\u043d\u0443\u0442\" \/>\n<script type=\"application\/ld+json\" class=\"yoast-schema-graph\">{\"@context\":\"https:\\\/\\\/schema.org\",\"@graph\":[{\"@type\":\"WebPage\",\"@id\":\"https:\\\/\\\/www.mita.in.rs\\\/radio\\\/hit-fm\\\/\",\"url\":\"https:\\\/\\\/www.mita.in.rs\\\/radio\\\/hit-fm\\\/\",\"name\":\"Hit FM - Radio u\u017eivo | Internet portal Mita\",\"isPartOf\":{\"@id\":\"https:\\\/\\\/www.mita.in.rs\\\/radio\\\/#website\"},\"primaryImageOfPage\":{\"@id\":\"https:\\\/\\\/www.mita.in.rs\\\/radio\\\/hit-fm\\\/#primaryimage\"},\"image\":{\"@id\":\"https:\\\/\\\/www.mita.in.rs\\\/radio\\\/hit-fm\\\/#primaryimage\"},\"thumbnailUrl\":\"https:\\\/\\\/www.mita.in.rs\\\/radio-logotipi\\\/hit-fm.png\",\"datePublished\":\"2020-08-27T08:26:50+00:00\",\"dateModified\":\"2024-09-14T11:45:11+00:00\",\"description\":\"Slu\u0161aj Hit FM Radio u\u017eivo sada potpuno besplatno!\",\"breadcrumb\":{\"@id\":\"https:\\\/\\\/www.mita.in.rs\\\/radio\\\/hit-fm\\\/#breadcrumb\"},\"inLanguage\":\"sr-RS\",\"potentialAction\":[{\"@type\":\"ReadAction\",\"target\":[\"https:\\\/\\\/www.mita.in.rs\\\/radio\\\/hit-fm\\\/\"]}]},{\"@type\":\"ImageObject\",\"inLanguage\":\"sr-RS\",\"@id\":\"https:\\\/\\\/www.mita.in.rs\\\/radio\\\/hit-fm\\\/#primaryimage\",\"url\":\"https:\\\/\\\/www.mita.in.rs\\\/radio-logotipi\\\/hit-fm.png\",\"contentUrl\":\"https:\\\/\\\/www.mita.in.rs\\\/radio-logotipi\\\/hit-fm.png\"},{\"@type\":\"BreadcrumbList\",\"@id\":\"https:\\\/\\\/www.mita.in.rs\\\/radio\\\/hit-fm\\\/#breadcrumb\",\"itemListElement\":[{\"@type\":\"ListItem\",\"position\":1,\"name\":\"\u041f\u043e\u0447\u0435\u0442\u043d\u0430\",\"item\":\"https:\\\/\\\/www.mita.in.rs\\\/radio\\\/\"},{\"@type\":\"ListItem\",\"position\":2,\"name\":\"Hit FM\"}]},{\"@type\":\"WebSite\",\"@id\":\"https:\\\/\\\/www.mita.in.rs\\\/radio\\\/#website\",\"url\":\"https:\\\/\\\/www.mita.in.rs\\\/radio\\\/\",\"name\":\"Radio u\u017eivo | Internet portal Mita\",\"description\":\"Srbija i Crna Gora\",\"potentialAction\":[{\"@type\":\"SearchAction\",\"target\":{\"@type\":\"EntryPoint\",\"urlTemplate\":\"https:\\\/\\\/www.mita.in.rs\\\/radio\\\/?s={search_term_string}\"},\"query-input\":{\"@type\":\"PropertyValueSpecification\",\"valueRequired\":true,\"valueName\":\"search_term_string\"}}],\"inLanguage\":\"sr-RS\"}]}<\/script>\n<!-- \/ Yoast SEO plugin. -->","yoast_head_json":{"title":"Hit FM - Radio u\u017eivo | Internet portal Mita","description":"Slu\u0161aj Hit FM Radio u\u017eivo sada potpuno besplatno!","robots":{"index":"index","follow":"follow","max-snippet":"max-snippet:-1","max-image-preview":"max-image-preview:large","max-video-preview":"max-video-preview:-1"},"canonical":"https:\/\/www.mita.in.rs\/radio\/hit-fm\/","og_locale":"sr_RS","og_type":"article","og_title":"Hit FM - Radio u\u017eivo | Internet portal Mita","og_description":"Slu\u0161aj Hit FM Radio u\u017eivo sada potpuno besplatno!","og_url":"https:\/\/www.mita.in.rs\/radio\/hit-fm\/","og_site_name":"Radio u\u017eivo | Internet portal Mita","article_modified_time":"2024-09-14T11:45:11+00:00","og_image":[{"url":"https:\/\/www.mita.in.rs\/radio-logotipi\/hit-fm.png","type":"","width":"","height":""}],"twitter_card":"summary_large_image","twitter_misc":{"\u041f\u0440\u043e\u0446\u0435\u045a\u0435\u043d\u043e \u0432\u0440\u0435\u043c\u0435 \u0447\u0438\u0442\u0430\u045a\u0430":"1 \u043c\u0438\u043d\u0443\u0442"},"schema":{"@context":"https:\/\/schema.org","@graph":[{"@type":"WebPage","@id":"https:\/\/www.mita.in.rs\/radio\/hit-fm\/","url":"https:\/\/www.mita.in.rs\/radio\/hit-fm\/","name":"Hit FM - Radio u\u017eivo | Internet portal Mita","isPartOf":{"@id":"https:\/\/www.mita.in.rs\/radio\/#website"},"primaryImageOfPage":{"@id":"https:\/\/www.mita.in.rs\/radio\/hit-fm\/#primaryimage"},"image":{"@id":"https:\/\/www.mita.in.rs\/radio\/hit-fm\/#primaryimage"},"thumbnailUrl":"https:\/\/www.mita.in.rs\/radio-logotipi\/hit-fm.png","datePublished":"2020-08-27T08:26:50+00:00","dateModified":"2024-09-14T11:45:11+00:00","description":"Slu\u0161aj Hit FM Radio u\u017eivo sada potpuno besplatno!","breadcrumb":{"@id":"https:\/\/www.mita.in.rs\/radio\/hit-fm\/#breadcrumb"},"inLanguage":"sr-RS","potentialAction":[{"@type":"ReadAction","target":["https:\/\/www.mita.in.rs\/radio\/hit-fm\/"]}]},{"@type":"ImageObject","inLanguage":"sr-RS","@id":"https:\/\/www.mita.in.rs\/radio\/hit-fm\/#primaryimage","url":"https:\/\/www.mita.in.rs\/radio-logotipi\/hit-fm.png","contentUrl":"https:\/\/www.mita.in.rs\/radio-logotipi\/hit-fm.png"},{"@type":"BreadcrumbList","@id":"https:\/\/www.mita.in.rs\/radio\/hit-fm\/#breadcrumb","itemListElement":[{"@type":"ListItem","position":1,"name":"\u041f\u043e\u0447\u0435\u0442\u043d\u0430","item":"https:\/\/www.mita.in.rs\/radio\/"},{"@type":"ListItem","position":2,"name":"Hit FM"}]},{"@type":"WebSite","@id":"https:\/\/www.mita.in.rs\/radio\/#website","url":"https:\/\/www.mita.in.rs\/radio\/","name":"Radio u\u017eivo | Internet portal Mita","description":"Srbija i Crna Gora","potentialAction":[{"@type":"SearchAction","target":{"@type":"EntryPoint","urlTemplate":"https:\/\/www.mita.in.rs\/radio\/?s={search_term_string}"},"query-input":{"@type":"PropertyValueSpecification","valueRequired":true,"valueName":"search_term_string"}}],"inLanguage":"sr-RS"}]}},"_links":{"self":[{"href":"https:\/\/www.mita.in.rs\/radio\/wp-json\/wp\/v2\/pages\/165","targetHints":{"allow":["GET"]}}],"collection":[{"href":"https:\/\/www.mita.in.rs\/radio\/wp-json\/wp\/v2\/pages"}],"about":[{"href":"https:\/\/www.mita.in.rs\/radio\/wp-json\/wp\/v2\/types\/page"}],"author":[{"embeddable":true,"href":"https:\/\/www.mita.in.rs\/radio\/wp-json\/wp\/v2\/users\/1"}],"replies":[{"embeddable":true,"href":"https:\/\/www.mita.in.rs\/radio\/wp-json\/wp\/v2\/comments?post=165"}],"version-history":[{"count":6,"href":"https:\/\/www.mita.in.rs\/radio\/wp-json\/wp\/v2\/pages\/165\/revisions"}],"predecessor-version":[{"id":1100,"href":"https:\/\/www.mita.in.rs\/radio\/wp-json\/wp\/v2\/pages\/165\/revisions\/1100"}],"wp:attachment":[{"href":"https:\/\/www.mita.in.rs\/radio\/wp-json\/wp\/v2\/media?parent=165"}],"curies":[{"name":"wp","href":"https:\/\/api.w.org\/{rel}","templated":true}]}}